{"id":115,"date":"2017-03-06T15:18:04","date_gmt":"2017-03-06T14:18:04","guid":{"rendered":"http:\/\/andisan.com\/?page_id=115"},"modified":"2023-04-17T10:37:12","modified_gmt":"2023-04-17T08:37:12","slug":"english-on-tour","status":"publish","type":"page","link":"https:\/\/www.tokio-spitzbuam.com\/en\/english-on-tour\/","title":{"rendered":"On Tour"},"content":{"rendered":"<p>&nbsp;<\/p>\n<p><strong>Tokio Spitzbuam live Tour Fr\u00fchling 2023:<\/strong><\/p>\n<div dir=\"auto\"><\/div>\n<div dir=\"auto\"><strong>Freitag 28.04.23,\u00a0<\/strong>Begr\u00fc\u00dfung in der Leibenfelder Stubn <a class=\"x1i10hfl xjbqb8w x6umtig x1b1mbwd xaqea5y xav7gou x9f619 x1ypdohk xt0psk2 xe8uvvx xdj266r x11i5rnm xat24cr x1mh8g0r xexx8yu x4uap5 x18d9i69 xkhd6sd x16tdsg8 x1hl2dhg xggy1nq x1a2a7pz xt0b8zv x1fey0fg\" tabindex=\"0\" role=\"link\" href=\"https:\/\/l.facebook.com\/l.php?u=http%3A%2F%2Fwww.leibenfelderstubn.at%2F%3Ffbclid%3DIwAR0cF1NJ43GgzOA-B1xzU9ldLEsZe70sSzLD3gqW9MW6PN52UIuiZIfwxHo&amp;h=AT0TFBtvRMKWo7UBdemh3JeM1HdBZEzs9CzyNtfr6izqqK90lN7-Rp8vRVshsuJ6k_F-wg9CFORwr3Pd5fKx88mkkQc6ZA8_Mb-RYscXgybU8aALOq7KMQOptrvvn1jVtCYCLC4&amp;__tn__=-UK-R&amp;c[0]=AT2pzhU_ZVuI-Tcl6d4P4Jxin3bmCoP4l-0rq2NnmukVg87dVAFM93qQPgDHuha3v0M04z5-l-DE2SRs645q8FZALtmdZUdcxlFinzGipHbMcgBccJtqnZhjrxkmfoc-sdsWEaTqg_BxRs9g5byDXUBCc8K7ypVx9k1yC-SgiLTqDBfeEE9mRkFbP5XgZFSojKE\" target=\"_blank\" rel=\"nofollow noopener\">www.leibenfelderstubn.at<\/a> in A-8530 Deutschlandsberg<\/div>\n<div dir=\"auto\">16:00 Uhr, Liveinterview bei NJOYRADIO (Werner Strohmeier)<\/div>\n<div dir=\"auto\">im Anschluss Besuch vom Buschenschank Resch \/ Deutschlandsberg<\/div>\n<div dir=\"auto\"><\/div>\n<div dir=\"auto\"><strong>Samstag, 29.04.23,<\/strong>\u00a020:00 Uhr, 35. Alpski Vecer, in Bohinj\/Slowenien <a class=\"x1i10hfl xjbqb8w x6umtig x1b1mbwd xaqea5y xav7gou x9f619 x1ypdohk xt0psk2 xe8uvvx xdj266r x11i5rnm xat24cr x1mh8g0r xexx8yu x4uap5 x18d9i69 xkhd6sd x16tdsg8 x1hl2dhg xggy1nq x1a2a7pz xt0b8zv x1fey0fg\" tabindex=\"0\" role=\"link\" href=\"http:\/\/www.alpski-kvintet.com\/?fbclid=IwAR2EFMQlqM-4PI6TeTkL4i-hPaeSZBayvOlSlnclM-CqX5X5rAGV7RUElYc\" target=\"_blank\" rel=\"nofollow noopener\">www.alpski-kvintet.com<\/a><\/div>\n<div dir=\"auto\"><\/div>\n<div dir=\"auto\"><strong>Sonntag, 30.04.23,<\/strong> 11:00 Uhr Fr\u00fchschoppen auf der B\u00fchne von Radio Gr\u00fcn Weiss auf der Grazer Messe<\/div>\n<div dir=\"auto\">15:00 Uhr, \u00a0\u00a0Landcafe Kern, 8572 B\u00e4rnbach\u00a0Adlig 22, <a class=\"x1i10hfl xjbqb8w x6umtig x1b1mbwd xaqea5y xav7gou x9f619 x1ypdohk xt0psk2 xe8uvvx xdj266r x11i5rnm xat24cr x1mh8g0r xexx8yu x4uap5 x18d9i69 xkhd6sd x16tdsg8 x1hl2dhg xggy1nq x1a2a7pz xt0b8zv x1fey0fg\" tabindex=\"0\" role=\"link\" href=\"https:\/\/l.facebook.com\/l.php?u=http%3A%2F%2Fwww.Landcafe-Kern.at%2F%3Ffbclid%3DIwAR3P7BwoFebR3T-QP3NNvkyQxAEM4fzbWCQ21pJNGG-Jenkq2My3_AXsHZs&amp;h=AT0qgmTA7GQy7hABOUOryEZYGeaEEFRxioaRnEh21mhot1olwo8aVWDcLrJ0qOe4R2gMUkCY_ZacN7U-u1lWsd3gbKo5SIBILXDybFA3VeanK815xNz-t9yDnT10jUYBmM-DqB8&amp;__tn__=-UK-R&amp;c[0]=AT2pzhU_ZVuI-Tcl6d4P4Jxin3bmCoP4l-0rq2NnmukVg87dVAFM93qQPgDHuha3v0M04z5-l-DE2SRs645q8FZALtmdZUdcxlFinzGipHbMcgBccJtqnZhjrxkmfoc-sdsWEaTqg_BxRs9g5byDXUBCc8K7ypVx9k1yC-SgiLTqDBfeEE9mRkFbP5XgZFSojKE\" target=\"_blank\" rel=\"nofollow noopener\">www.Landcafe-Kern.at<\/a><\/div>\n<div dir=\"auto\"><\/div>\n<div dir=\"auto\"><strong>Montag, 01.05.23,<\/strong>\u00a011:00 Uhr,\u00a0beim \u201eMaibaum-Aufstellen \u201e, im Wildbach (Volksschule), Deutschlandsberg <a class=\"x1i10hfl xjbqb8w x6umtig x1b1mbwd xaqea5y xav7gou x9f619 x1ypdohk xt0psk2 xe8uvvx xdj266r x11i5rnm xat24cr x1mh8g0r xexx8yu x4uap5 x18d9i69 xkhd6sd x16tdsg8 x1hl2dhg xggy1nq x1a2a7pz xt0b8zv x1fey0fg\" tabindex=\"0\" role=\"link\" href=\"http:\/\/www.deutschlandsberg.at\/?fbclid=IwAR0HuEt3WyDUR4Gt86dJOu2-ov-IZYQ91vxgcKN3lmQosSGB5D2AEyuGFV4\" target=\"_blank\" rel=\"nofollow noopener\">www.deutschlandsberg.at<\/a><\/div>\n<p><strong>Dienstag, 02.05.23,\u00a0<\/strong>17:00 Uhr Kulturni Dom Zabukovje, Slovenien, Konzert mit den Untersteirern <a href=\"http:\/\/www.untersteirer.eu\">www.untersteirer.eu<\/a><\/p>\n<p><strong>Donnerstag, 04.05.23 <\/strong>19:30 Troadkastn, Oberhofen am Irrsee Abschlusskonzert Tokio Spitzbuam <a href=\"https:\/\/www.troadkastn.at\">www.troadkastn.at<\/a><\/p>\n<p>&nbsp;<\/p>\n<p><strong><a href=\"http:\/\/www.tokio-spitzbuam.com\/wp-content\/uploads\/2023\/04\/Alpski-Vecer.jpg\"><img loading=\"lazy\" decoding=\"async\" class=\"aligncenter size-full wp-image-736\" src=\"http:\/\/www.tokio-spitzbuam.com\/wp-content\/uploads\/2023\/04\/Alpski-Vecer.jpg\" alt=\"\" width=\"526\" height=\"526\" srcset=\"https:\/\/www.tokio-spitzbuam.com\/wp-content\/uploads\/2023\/04\/Alpski-Vecer.jpg 526w, https:\/\/www.tokio-spitzbuam.com\/wp-content\/uploads\/2023\/04\/Alpski-Vecer-300x300.jpg 300w, https:\/\/www.tokio-spitzbuam.com\/wp-content\/uploads\/2023\/04\/Alpski-Vecer-150x150.jpg 150w, https:\/\/www.tokio-spitzbuam.com\/wp-content\/uploads\/2023\/04\/Alpski-Vecer-12x12.jpg 12w, https:\/\/www.tokio-spitzbuam.com\/wp-content\/uploads\/2023\/04\/Alpski-Vecer-500x500.jpg 500w\" sizes=\"auto, (max-width: 526px) 100vw, 526px\" \/><\/a> <a href=\"http:\/\/www.tokio-spitzbuam.com\/wp-content\/uploads\/2023\/04\/Wildbach.jpg\"><img loading=\"lazy\" decoding=\"async\" class=\"aligncenter size-full wp-image-737\" src=\"http:\/\/www.tokio-spitzbuam.com\/wp-content\/uploads\/2023\/04\/Wildbach.jpg\" alt=\"\" width=\"526\" height=\"766\" srcset=\"https:\/\/www.tokio-spitzbuam.com\/wp-content\/uploads\/2023\/04\/Wildbach.jpg 526w, https:\/\/www.tokio-spitzbuam.com\/wp-content\/uploads\/2023\/04\/Wildbach-206x300.jpg 206w, https:\/\/www.tokio-spitzbuam.com\/wp-content\/uploads\/2023\/04\/Wildbach-8x12.jpg 8w\" sizes=\"auto, (max-width: 526px) 100vw, 526px\" \/><\/a> <a href=\"http:\/\/www.tokio-spitzbuam.com\/wp-content\/uploads\/2023\/04\/Troadkastn.jpg\"><img loading=\"lazy\" decoding=\"async\" class=\"aligncenter size-full wp-image-738\" src=\"http:\/\/www.tokio-spitzbuam.com\/wp-content\/uploads\/2023\/04\/Troadkastn.jpg\" alt=\"\" width=\"710\" height=\"1218\" srcset=\"https:\/\/www.tokio-spitzbuam.com\/wp-content\/uploads\/2023\/04\/Troadkastn.jpg 710w, https:\/\/www.tokio-spitzbuam.com\/wp-content\/uploads\/2023\/04\/Troadkastn-175x300.jpg 175w, https:\/\/www.tokio-spitzbuam.com\/wp-content\/uploads\/2023\/04\/Troadkastn-597x1024.jpg 597w, https:\/\/www.tokio-spitzbuam.com\/wp-content\/uploads\/2023\/04\/Troadkastn-7x12.jpg 7w\" sizes=\"auto, (max-width: 710px) 100vw, 710px\" \/><\/a> <a href=\"http:\/\/www.tokio-spitzbuam.com\/wp-content\/uploads\/2023\/04\/Kern.jpg\"><img loading=\"lazy\" decoding=\"async\" class=\"aligncenter size-full wp-image-739\" src=\"http:\/\/www.tokio-spitzbuam.com\/wp-content\/uploads\/2023\/04\/Kern.jpg\" alt=\"\" width=\"1080\" height=\"538\" srcset=\"https:\/\/www.tokio-spitzbuam.com\/wp-content\/uploads\/2023\/04\/Kern.jpg 1080w, https:\/\/www.tokio-spitzbuam.com\/wp-content\/uploads\/2023\/04\/Kern-300x149.jpg 300w, https:\/\/www.tokio-spitzbuam.com\/wp-content\/uploads\/2023\/04\/Kern-1024x510.jpg 1024w, https:\/\/www.tokio-spitzbuam.com\/wp-content\/uploads\/2023\/04\/Kern-768x383.jpg 768w, https:\/\/www.tokio-spitzbuam.com\/wp-content\/uploads\/2023\/04\/Kern-18x9.jpg 18w\" sizes=\"auto, (max-width: 1080px) 100vw, 1080px\" \/><\/a> <a href=\"http:\/\/www.tokio-spitzbuam.com\/wp-content\/uploads\/2023\/04\/Zabukovje.jpg\"><img loading=\"lazy\" decoding=\"async\" class=\"aligncenter size-full wp-image-740\" src=\"http:\/\/www.tokio-spitzbuam.com\/wp-content\/uploads\/2023\/04\/Zabukovje.jpg\" alt=\"\" width=\"1600\" height=\"702\" srcset=\"https:\/\/www.tokio-spitzbuam.com\/wp-content\/uploads\/2023\/04\/Zabukovje.jpg 1600w, https:\/\/www.tokio-spitzbuam.com\/wp-content\/uploads\/2023\/04\/Zabukovje-300x132.jpg 300w, https:\/\/www.tokio-spitzbuam.com\/wp-content\/uploads\/2023\/04\/Zabukovje-1024x449.jpg 1024w, https:\/\/www.tokio-spitzbuam.com\/wp-content\/uploads\/2023\/04\/Zabukovje-768x337.jpg 768w, https:\/\/www.tokio-spitzbuam.com\/wp-content\/uploads\/2023\/04\/Zabukovje-1536x674.jpg 1536w, https:\/\/www.tokio-spitzbuam.com\/wp-content\/uploads\/2023\/04\/Zabukovje-18x8.jpg 18w\" sizes=\"auto, (max-width: 1600px) 100vw, 1600px\" \/><\/a><\/strong><\/p>\n<p>&nbsp;<\/p>","protected":false},"excerpt":{"rendered":"<p>&nbsp; Tokio Spitzbuam live Tour Fr\u00fchling 2023: Freitag 28.04.23,\u00a0Begr\u00fc\u00dfung in der Leibenfelder Stubn www.leibenfelderstubn.at in A-8530 Deutschlandsberg 16:00 Uhr, Liveinterview bei NJOYRADIO (Werner Strohmeier) im Anschluss Besuch vom Buschenschank Resch \/ Deutschlandsberg Samstag, 29.04.23,\u00a020:00 Uhr, 35. Alpski Vecer, in Bohinj\/Slowenien www.alpski-kvintet.com Sonntag, 30.04.23, 11:00 Uhr Fr\u00fchschoppen auf der B\u00fchne von Radio Gr\u00fcn Weiss auf der [&hellip;]<\/p>","protected":false},"author":1,"featured_media":0,"parent":0,"menu_order":10,"comment_status":"closed","ping_status":"closed","template":"","meta":{"footnotes":""},"class_list":["post-115","page","type-page","status-publish","hentry"],"_links":{"self":[{"href":"https:\/\/www.tokio-spitzbuam.com\/en\/wp-json\/wp\/v2\/pages\/115","targetHints":{"allow":["GET"]}}],"collection":[{"href":"https:\/\/www.tokio-spitzbuam.com\/en\/wp-json\/wp\/v2\/pages"}],"about":[{"href":"https:\/\/www.tokio-spitzbuam.com\/en\/wp-json\/wp\/v2\/types\/page"}],"author":[{"embeddable":true,"href":"https:\/\/www.tokio-spitzbuam.com\/en\/wp-json\/wp\/v2\/users\/1"}],"replies":[{"embeddable":true,"href":"https:\/\/www.tokio-spitzbuam.com\/en\/wp-json\/wp\/v2\/comments?post=115"}],"version-history":[{"count":0,"href":"https:\/\/www.tokio-spitzbuam.com\/en\/wp-json\/wp\/v2\/pages\/115\/revisions"}],"wp:attachment":[{"href":"https:\/\/www.tokio-spitzbuam.com\/en\/wp-json\/wp\/v2\/media?parent=115"}],"curies":[{"name":"wp","href":"https:\/\/api.w.org\/{rel}","templated":true}]}}