{"id":75,"date":"2016-10-13T13:46:32","date_gmt":"2016-10-13T11:46:32","guid":{"rendered":"http:\/\/andisan.com\/?page_id=75"},"modified":"2022-12-29T13:43:53","modified_gmt":"2022-12-29T12:43:53","slug":"music","status":"publish","type":"page","link":"https:\/\/www.tokio-spitzbuam.com\/en\/music\/","title":{"rendered":"Music"},"content":{"rendered":"<h2>CD &#8222;Live in Shibuya&#8220;<\/h2>\n<figure id=\"attachment_473\" aria-describedby=\"caption-attachment-473\" style=\"width: 1920px\" class=\"wp-caption alignnone\"><img loading=\"lazy\" decoding=\"async\" src=\"http:\/\/www.tokio-spitzbuam.com\/wp-content\/uploads\/2018\/12\/Live-in-Shibuya.jpg\" alt=\"Live in Shibuya\" width=\"1920\" height=\"949\" class=\"size-full wp-image-473\" srcset=\"https:\/\/www.tokio-spitzbuam.com\/wp-content\/uploads\/2018\/12\/Live-in-Shibuya.jpg 1920w, https:\/\/www.tokio-spitzbuam.com\/wp-content\/uploads\/2018\/12\/Live-in-Shibuya-300x148.jpg 300w, https:\/\/www.tokio-spitzbuam.com\/wp-content\/uploads\/2018\/12\/Live-in-Shibuya-768x380.jpg 768w, https:\/\/www.tokio-spitzbuam.com\/wp-content\/uploads\/2018\/12\/Live-in-Shibuya-1024x506.jpg 1024w\" sizes=\"auto, (max-width: 1920px) 100vw, 1920px\" \/><figcaption id=\"caption-attachment-473\" class=\"wp-caption-text\">Live in Shibuya<\/figcaption><\/figure>\n<p>Konnichiwa<br \/>\n<!--[if lt IE 9]><script>document.createElement('audio');<\/script><![endif]-->\n<audio class=\"wp-audio-shortcode\" id=\"audio-75-1\" preload=\"none\" style=\"width: 100%;\" controls=\"controls\"><source type=\"audio\/mpeg\" src=\"https:\/\/www.starek.de\/wp-content\/uploads\/2019\/07\/1-TS-Konnichiwa-Demo.mp3?_=1\" \/><a href=\"https:\/\/www.starek.de\/wp-content\/uploads\/2019\/07\/1-TS-Konnichiwa-Demo.mp3\">https:\/\/www.starek.de\/wp-content\/uploads\/2019\/07\/1-TS-Konnichiwa-Demo.mp3<\/a><\/audio><\/p>\n<p>Sch\u00f6ne Urlaubszeit<br \/>\n<audio class=\"wp-audio-shortcode\" id=\"audio-75-2\" preload=\"none\" style=\"width: 100%;\" controls=\"controls\"><source type=\"audio\/mpeg\" src=\"https:\/\/www.starek.de\/wp-content\/uploads\/2019\/07\/2-TS-Scho\u0308ne-Urlaubszeit-Demo.mp3?_=2\" \/><a href=\"https:\/\/www.starek.de\/wp-content\/uploads\/2019\/07\/2-TS-Scho\u0308ne-Urlaubszeit-Demo.mp3\">https:\/\/www.starek.de\/wp-content\/uploads\/2019\/07\/2-TS-Scho\u0308ne-Urlaubszeit-Demo.mp3<\/a><\/audio><\/p>\n<p>Konbanwa<br \/>\n<audio class=\"wp-audio-shortcode\" id=\"audio-75-3\" preload=\"none\" style=\"width: 100%;\" controls=\"controls\"><source type=\"audio\/mpeg\" src=\"https:\/\/www.starek.de\/wp-content\/uploads\/2019\/07\/3-TS-Konbanwa-Demo.mp3?_=3\" \/><a href=\"https:\/\/www.starek.de\/wp-content\/uploads\/2019\/07\/3-TS-Konbanwa-Demo.mp3\">https:\/\/www.starek.de\/wp-content\/uploads\/2019\/07\/3-TS-Konbanwa-Demo.mp3<\/a><\/audio><\/p>\n<p>Gru\u00df an Hengsberg<br \/>\n<audio class=\"wp-audio-shortcode\" id=\"audio-75-4\" preload=\"none\" style=\"width: 100%;\" controls=\"controls\"><source type=\"audio\/mpeg\" src=\"https:\/\/www.starek.de\/wp-content\/uploads\/2019\/07\/4-TS-Gru\u00df-an-Hengsberg-Demo.mp3?_=4\" \/><a href=\"https:\/\/www.starek.de\/wp-content\/uploads\/2019\/07\/4-TS-Gru\u00df-an-Hengsberg-Demo.mp3\">https:\/\/www.starek.de\/wp-content\/uploads\/2019\/07\/4-TS-Gru\u00df-an-Hengsberg-Demo.mp3<\/a><\/audio><\/p>\n<p>Maxglaner<br \/>\n<audio class=\"wp-audio-shortcode\" id=\"audio-75-5\" preload=\"none\" style=\"width: 100%;\" controls=\"controls\"><source type=\"audio\/mpeg\" src=\"https:\/\/www.starek.de\/wp-content\/uploads\/2019\/07\/5-TS-Maxglaner-Demo.mp3?_=5\" \/><a href=\"https:\/\/www.starek.de\/wp-content\/uploads\/2019\/07\/5-TS-Maxglaner-Demo.mp3\">https:\/\/www.starek.de\/wp-content\/uploads\/2019\/07\/5-TS-Maxglaner-Demo.mp3<\/a><\/audio><\/p>\n<p>Crazy<br \/>\n<audio class=\"wp-audio-shortcode\" id=\"audio-75-6\" preload=\"none\" style=\"width: 100%;\" controls=\"controls\"><source type=\"audio\/mpeg\" src=\"https:\/\/www.starek.de\/wp-content\/uploads\/2019\/07\/6-TS-Crazy-Demo.mp3?_=6\" \/><a href=\"https:\/\/www.starek.de\/wp-content\/uploads\/2019\/07\/6-TS-Crazy-Demo.mp3\">https:\/\/www.starek.de\/wp-content\/uploads\/2019\/07\/6-TS-Crazy-Demo.mp3<\/a><\/audio><\/p>\n<p>Steinzer Polka<br \/>\n<audio class=\"wp-audio-shortcode\" id=\"audio-75-7\" preload=\"none\" style=\"width: 100%;\" controls=\"controls\"><source type=\"audio\/mpeg\" src=\"https:\/\/www.starek.de\/wp-content\/uploads\/2019\/07\/7-TS-Steinzer-Polka-Demo.mp3?_=7\" \/><a href=\"https:\/\/www.starek.de\/wp-content\/uploads\/2019\/07\/7-TS-Steinzer-Polka-Demo.mp3\">https:\/\/www.starek.de\/wp-content\/uploads\/2019\/07\/7-TS-Steinzer-Polka-Demo.mp3<\/a><\/audio><\/p>\n<p>Ivan spielt auf<br \/>\n<audio class=\"wp-audio-shortcode\" id=\"audio-75-8\" preload=\"none\" style=\"width: 100%;\" controls=\"controls\"><source type=\"audio\/mpeg\" src=\"https:\/\/www.starek.de\/wp-content\/uploads\/2019\/07\/8-TS-Ivan-spielt-auf.mp3?_=8\" \/><a href=\"https:\/\/www.starek.de\/wp-content\/uploads\/2019\/07\/8-TS-Ivan-spielt-auf.mp3\">https:\/\/www.starek.de\/wp-content\/uploads\/2019\/07\/8-TS-Ivan-spielt-auf.mp3<\/a><\/audio><\/p>\n<p>Rocktoberfest<br \/>\n<audio class=\"wp-audio-shortcode\" id=\"audio-75-9\" preload=\"none\" style=\"width: 100%;\" controls=\"controls\"><source type=\"audio\/mpeg\" src=\"https:\/\/www.starek.de\/wp-content\/uploads\/2019\/07\/9-TS-am-Rocktoberfest-Demo.mp3?_=9\" \/><a href=\"https:\/\/www.starek.de\/wp-content\/uploads\/2019\/07\/9-TS-am-Rocktoberfest-Demo.mp3\">https:\/\/www.starek.de\/wp-content\/uploads\/2019\/07\/9-TS-am-Rocktoberfest-Demo.mp3<\/a><\/audio><\/p>\n<p>Es klingt Musik<br \/>\n<audio class=\"wp-audio-shortcode\" id=\"audio-75-10\" preload=\"none\" style=\"width: 100%;\" controls=\"controls\"><source type=\"audio\/mpeg\" src=\"https:\/\/www.starek.de\/wp-content\/uploads\/2019\/07\/10-TS-Es-klingt-Musik-Demo.mp3?_=10\" \/><a href=\"https:\/\/www.starek.de\/wp-content\/uploads\/2019\/07\/10-TS-Es-klingt-Musik-Demo.mp3\">https:\/\/www.starek.de\/wp-content\/uploads\/2019\/07\/10-TS-Es-klingt-Musik-Demo.mp3<\/a><\/audio><\/p>\n<p>Seerosen Walzer<br \/>\n<audio class=\"wp-audio-shortcode\" id=\"audio-75-11\" preload=\"none\" style=\"width: 100%;\" controls=\"controls\"><source type=\"audio\/mpeg\" src=\"https:\/\/www.starek.de\/wp-content\/uploads\/2019\/07\/11-TS-Seerosen-Walzer-Demo.mp3?_=11\" \/><a href=\"https:\/\/www.starek.de\/wp-content\/uploads\/2019\/07\/11-TS-Seerosen-Walzer-Demo.mp3\">https:\/\/www.starek.de\/wp-content\/uploads\/2019\/07\/11-TS-Seerosen-Walzer-Demo.mp3<\/a><\/audio><\/p>\n<p>Ein Herz f\u00fcr Dich<br \/>\n<audio class=\"wp-audio-shortcode\" id=\"audio-75-12\" preload=\"none\" style=\"width: 100%;\" controls=\"controls\"><source type=\"audio\/mpeg\" src=\"https:\/\/www.starek.de\/wp-content\/uploads\/2019\/07\/12-TS-Ein-Herz-fu\u0308r-Dich-Demo.mp3?_=12\" \/><a href=\"https:\/\/www.starek.de\/wp-content\/uploads\/2019\/07\/12-TS-Ein-Herz-fu\u0308r-Dich-Demo.mp3\">https:\/\/www.starek.de\/wp-content\/uploads\/2019\/07\/12-TS-Ein-Herz-fu\u0308r-Dich-Demo.mp3<\/a><\/audio><\/p>\n<p>Trompeten Echo<br \/>\n<audio class=\"wp-audio-shortcode\" id=\"audio-75-13\" preload=\"none\" style=\"width: 100%;\" controls=\"controls\"><source type=\"audio\/mpeg\" src=\"https:\/\/www.starek.de\/wp-content\/uploads\/2019\/07\/13-TS-Trompeten-Echo-Demo.mp3?_=13\" \/><a href=\"https:\/\/www.starek.de\/wp-content\/uploads\/2019\/07\/13-TS-Trompeten-Echo-Demo.mp3\">https:\/\/www.starek.de\/wp-content\/uploads\/2019\/07\/13-TS-Trompeten-Echo-Demo.mp3<\/a><\/audio><\/p>\n<p>Der Wind bringt Dir mein Lied<br \/>\n<audio class=\"wp-audio-shortcode\" id=\"audio-75-14\" preload=\"none\" style=\"width: 100%;\" controls=\"controls\"><source type=\"audio\/mpeg\" src=\"https:\/\/www.starek.de\/wp-content\/uploads\/2019\/07\/14-TS-Der-Wind-bringt-Dir-mein-Lied-Demo.mp3?_=14\" \/><a href=\"https:\/\/www.starek.de\/wp-content\/uploads\/2019\/07\/14-TS-Der-Wind-bringt-Dir-mein-Lied-Demo.mp3\">https:\/\/www.starek.de\/wp-content\/uploads\/2019\/07\/14-TS-Der-Wind-bringt-Dir-mein-Lied-Demo.mp3<\/a><\/audio><\/p>\n<p>Lachende Klarinette<br \/>\n<audio class=\"wp-audio-shortcode\" id=\"audio-75-15\" preload=\"none\" style=\"width: 100%;\" controls=\"controls\"><source type=\"audio\/mpeg\" src=\"https:\/\/www.starek.de\/wp-content\/uploads\/2019\/07\/15-TS-Lachende-Klarinette-Demo.mp3?_=15\" \/><a href=\"https:\/\/www.starek.de\/wp-content\/uploads\/2019\/07\/15-TS-Lachende-Klarinette-Demo.mp3\">https:\/\/www.starek.de\/wp-content\/uploads\/2019\/07\/15-TS-Lachende-Klarinette-Demo.mp3<\/a><\/audio><\/p>\n<p>Liebe meines Lebens<br \/>\n<audio class=\"wp-audio-shortcode\" id=\"audio-75-16\" preload=\"none\" style=\"width: 100%;\" controls=\"controls\"><source type=\"audio\/mpeg\" src=\"https:\/\/www.starek.de\/wp-content\/uploads\/2019\/07\/16-TS-Liebe-meines-Lebens-Demo.mp3?_=16\" \/><a href=\"https:\/\/www.starek.de\/wp-content\/uploads\/2019\/07\/16-TS-Liebe-meines-Lebens-Demo.mp3\">https:\/\/www.starek.de\/wp-content\/uploads\/2019\/07\/16-TS-Liebe-meines-Lebens-Demo.mp3<\/a><\/audio><\/p>","protected":false},"excerpt":{"rendered":"<p>CD &#8222;Live in Shibuya&#8220; Konnichiwa Sch\u00f6ne Urlaubszeit Konbanwa Gru\u00df an Hengsberg Maxglaner Crazy Steinzer Polka Ivan spielt auf Rocktoberfest Es klingt Musik Seerosen Walzer Ein Herz f\u00fcr Dich Trompeten Echo Der Wind bringt Dir mein Lied Lachende Klarinette Liebe meines Lebens<\/p>","protected":false},"author":1,"featured_media":0,"parent":0,"menu_order":45,"comment_status":"closed","ping_status":"closed","template":"","meta":{"footnotes":""},"class_list":["post-75","page","type-page","status-publish","hentry"],"_links":{"self":[{"href":"https:\/\/www.tokio-spitzbuam.com\/en\/wp-json\/wp\/v2\/pages\/75","targetHints":{"allow":["GET"]}}],"collection":[{"href":"https:\/\/www.tokio-spitzbuam.com\/en\/wp-json\/wp\/v2\/pages"}],"about":[{"href":"https:\/\/www.tokio-spitzbuam.com\/en\/wp-json\/wp\/v2\/types\/page"}],"author":[{"embeddable":true,"href":"https:\/\/www.tokio-spitzbuam.com\/en\/wp-json\/wp\/v2\/users\/1"}],"replies":[{"embeddable":true,"href":"https:\/\/www.tokio-spitzbuam.com\/en\/wp-json\/wp\/v2\/comments?post=75"}],"version-history":[{"count":0,"href":"https:\/\/www.tokio-spitzbuam.com\/en\/wp-json\/wp\/v2\/pages\/75\/revisions"}],"wp:attachment":[{"href":"https:\/\/www.tokio-spitzbuam.com\/en\/wp-json\/wp\/v2\/media?parent=75"}],"curies":[{"name":"wp","href":"https:\/\/api.w.org\/{rel}","templated":true}]}}